{"id":125,"date":"2022-11-09T11:29:12","date_gmt":"2022-11-09T11:29:12","guid":{"rendered":"https:\/\/prestastockage.fr\/?page_id=3"},"modified":"2022-11-09T11:29:12","modified_gmt":"2022-11-09T11:29:12","slug":"cgu","status":"publish","type":"page","link":"https:\/\/www.prestastockage.fr\/index.php\/cgu\/","title":{"rendered":"CGU"},"content":{"rendered":"<div class=\"bt_rc_container\"><section id=\"bt_section69fdb618e3f49\" data-parallax=\"0.1\" data-parallax-offset=\"-200\" class=\"boldSection btDarkSkin inherit btParallax wBackground cover\" style=\"background-image:url('https:\/\/www.prestastockage.fr\/wp-content\/uploads\/2022\/11\/SliderHeader_PrestaStockage.jpg');\"><div class=\"port\"><div class=\"boldCell\"><div class=\"boldCellInner\"><div class=\"boldRow \" ><div class=\"rowItem col-md-12 col-ms-12  btTextLeft inherit\"  ><div class=\"rowItemContent\"><div class=\"slided autoSliderHeight\" ><div class=\"slidedItem firstItem\"  data-thumb=\"\"><div class=\"btSliderPort wBackground cover\" style=\"background-image: url('')\"><div class=\"btSliderCell\" data-slick=\"yes\"><div class=\"btSlideGutter\"><div class=\"btSlidePane\"><div class=\"btClear btSeparator topSpaced noBorder\" ><hr><\/div><div class=\"btClear btSeparator topSemiSpaced noBorder\" ><hr><\/div><header class=\"header btClear extralarge btDash bottomDash btNarrowHeader btAccentDash btRegularTitle\" ><p class=\"btSuperTitle\">Bienvenue sur<\/p><div class=\"dash\"><h1><span class=\"headline\">PRESTA STOCKAGE<\/span><\/h1><\/div><p class=\"btSubTitle\">Votre solution de stockage professionnelle simple et \u00e9conomique !<\/p><\/header><div class=\"btClear btSeparator topSmallSpaced noBorder\" ><hr><\/div><div class=\"btBtn btBtn btnFilled btnIconLeftPosition btnAccentColor btnBig btnNormal\" ><a href=\"https:\/\/prestastockage.fr\/#get-quote\">DEMANDE DE DEVIS<\/a><\/div><div class=\"btClear btSeparator topSpaced noBorder\" ><hr><\/div><\/div><\/div><\/div><\/div><\/div><\/div><\/div><\/div><\/div><\/div><\/div><\/div><\/section><section id=\"bt_section69fdb618e412a\"  class=\"boldSection gutter\" ><div class=\"port\"><div class=\"boldCell\"><div class=\"boldCellInner\"><div class=\"boldRow \" ><div class=\"rowItem col-md-12 col-ms-12  btTextLeft\"  ><div class=\"rowItemContent\"><div class=\"btClear btSeparator topSpaced noBorder\" ><hr><\/div><div class=\"btText\"><h4 style=\"text-align: center;\">Conditions g\u00e9n\u00e9rales d&rsquo;utilisation<\/h4>\n<p style=\"text-align: center;\">En vigueur au 14\/11\/2022<\/p>\n<p>Les pr\u00e9sentes conditions g\u00e9n\u00e9rales d&rsquo;utilisation (dites \u00ab CGU \u00bb) ont pour objet l&rsquo;encadrement juridique des modalit\u00e9s de mise \u00e0 disposition du site et des services par www.prestastockage.fr et de d\u00e9finir les conditions d\u2019acc\u00e8s et d\u2019utilisation des services par \u00ab l&rsquo;Utilisateur \u00bb.<\/p>\n<p>Les pr\u00e9sentes CGU sont accessibles sur le site \u00e0 la rubrique \u00abCGU\u00bb.<\/p>\n<h6>Article 1 : Les mentions l\u00e9gales<\/h6>\n<p>L&rsquo;\u00e9dition du site www.prestastockage.fr est assur\u00e9e par la Soci\u00e9t\u00e9 PACKAGING FOOD &amp; CO<br \/>\nSARL au capital de 6312 \u20ac euros, immatricul\u00e9e au RCS de PARIS sous le num\u00e9ro 800 607 517, dont le si\u00e8ge social est situ\u00e9 au 35 rue de Cl\u00e9ry 75002 PARIS.<br \/>\nNum\u00e9ro de t\u00e9l\u00e9phone 01 82 09 68 24<br \/>\nAdresse e-mail : contact@prestastockage.fr<br \/>\nLe Directeur de la publication est : Mahmoud LAKKARI<br \/>\nL&rsquo;h\u00e9bergeur du site www.prestastockage.fr est la soci\u00e9t\u00e9 IONOS SARL, dont le si\u00e8ge social est<br \/>\nsitu\u00e9 au , place de la Gare BP 70109 57200 Sarreguemines Cedex France avec le num\u00e9ro de t\u00e9l\u00e9phone : 0970 808 911.<\/p>\n<h6>ARTICLE 2 : Acc\u00e8s au site<\/h6>\n<p>Le site est accessible gratuitement en tout lieu \u00e0 tout Utilisateur ayant un acc\u00e8s \u00e0 Internet. Tous les frais support\u00e9s par l&rsquo;Utilisateur pour acc\u00e9der au service (mat\u00e9riel informatique, logiciels, connexion Internet, etc.) sont \u00e0 sa charge.<\/p>\n<h6>ARTICLE 3 : Collecte des donn\u00e9es<\/h6>\n<p>Conform\u00e9ment aux dispositions de la loi 78-17 du 6 janvier 1978 modifi\u00e9e, l\u2019utilisateur du site www.prestastockage.fr dispose d\u2019un droit d\u2019acc\u00e8s, de modification et de suppression des informations collect\u00e9es. Pour exercer ce droit, envoyez un message \u00e0 contact@prestastockage.fr<\/p>\n<p>Les seules donn\u00e9es collect\u00e9es sur www.prestastockage.fr concernent les informations du formulaire de contact n\u00e9cessaires \u00e0 l&rsquo;\u00e9laboration d&rsquo;un devis pour l&rsquo;Utilisateur.<\/p>\n<h6>ARTICLE 4 : Propri\u00e9t\u00e9 intellectuelle<\/h6>\n<p>Les marques, logos, signes ainsi que tous les contenus du site (textes, images, son\u2026) font l&rsquo;objet d&rsquo;une protection par le Code de la propri\u00e9t\u00e9 intellectuelle et plus particuli\u00e8rement par le droit d&rsquo;auteur.<br \/>\nL&rsquo;Utilisateur doit solliciter l&rsquo;autorisation pr\u00e9alable du site pour toute reproduction, publication, copie des diff\u00e9rents contenus. Il s&rsquo;engage \u00e0 une utilisation des contenus du site dans un cadre strictement priv\u00e9, toute utilisation \u00e0 des fins commerciales et publicitaires est strictement interdite.<br \/>\nToute repr\u00e9sentation totale ou partielle de ce site par quelque proc\u00e9d\u00e9 que ce soit, sans l\u2019autorisation expresse de l\u2019exploitant du site Internet constituerait une contrefa\u00e7on sanctionn\u00e9e par l\u2019article L 335-2 et suivants du Code de la propri\u00e9t\u00e9 intellectuelle.<br \/>\nIl est rappel\u00e9 conform\u00e9ment \u00e0 l\u2019article L122-5 du Code de propri\u00e9t\u00e9 intellectuelle que l\u2019Utilisateur qui reproduit, copie ou publie le contenu prot\u00e9g\u00e9 doit citer l\u2019auteur et sa source.<\/p>\n<h6>ARTICLE 5 : Responsabilit\u00e9<\/h6>\n<p>Les sources des informations diffus\u00e9es sur le site www.prestastockage.fr sont r\u00e9put\u00e9es fiables mais le site ne garantit pas qu\u2019il soit exempt de d\u00e9fauts, d\u2019erreurs ou d\u2019omissions.<br \/>\nLes informations communiqu\u00e9es sont pr\u00e9sent\u00e9es \u00e0 titre indicatif et g\u00e9n\u00e9ral sans valeur contractuelle.<br \/>\nMalgr\u00e9 des mises \u00e0 jour r\u00e9guli\u00e8res, le site www.prestastockage.fr ne peut \u00eatre tenu responsable de la modification des dispositions administratives et juridiques survenant apr\u00e8s la publication. De m\u00eame, le site ne peut \u00eatre tenue responsable de l\u2019utilisation et de l\u2019interpr\u00e9tation de l\u2019information contenue dans ce site.<br \/>\nLe site www.prestastockage.fr ne peut \u00eatre tenu pour responsable d\u2019\u00e9ventuels virus qui pourraient infecter l\u2019ordinateur ou tout mat\u00e9riel informatique de l\u2019Internaute, suite \u00e0 une utilisation, \u00e0 l\u2019acc\u00e8s, ou au t\u00e9l\u00e9chargement provenant de ce site.<br \/>\nLa responsabilit\u00e9 du site ne peut \u00eatre engag\u00e9e en cas de force majeure ou du fait impr\u00e9visible et insurmontable d&rsquo;un tiers.<\/p>\n<h6>ARTICLE 6 : Liens hypertextes<\/h6>\n<p>Des liens hypertextes peuvent \u00eatre pr\u00e9sents sur le site. L\u2019Utilisateur est inform\u00e9 qu\u2019en cliquant sur ces liens, il sortira du site www.prestastockage.fr. Ce dernier n\u2019a pas de contr\u00f4le sur les pages web sur lesquelles aboutissent ces liens et ne saurait, en aucun cas, \u00eatre responsable de leur contenu.<\/p>\n<h6>ARTICLE 7 : Cookies<\/h6>\n<p>L\u2019Utilisateur est inform\u00e9 que lors de ses visites sur le site, un cookie peut s\u2019installer automatiquement sur son logiciel de navigation.<br \/>\nLes cookies sont de petits fichiers stock\u00e9s temporairement sur le disque dur de l\u2019ordinateur de l\u2019Utilisateur par votre navigateur et qui sont n\u00e9cessaires \u00e0 l\u2019utilisation du site www.prestastockage.fr.<br \/>\nLes cookies ne contiennent pas d\u2019information personnelle et ne peuvent pas \u00eatre utilis\u00e9s pour identifier quelqu\u2019un. Un cookie contient un identifiant unique, g\u00e9n\u00e9r\u00e9 al\u00e9atoirement et donc anonyme. Certains cookies expirent \u00e0 la fin de la visite de l\u2019Utilisateur, d\u2019autres restent.<br \/>\nL\u2019information contenue dans les cookies est utilis\u00e9e pour am\u00e9liorer le site www.prestastockage.fr.<br \/>\nEn naviguant sur le site, L\u2019Utilisateur les accepte.<br \/>\nL\u2019Utilisateur doit toutefois donner son consentement quant \u00e0 l\u2019utilisation de certains cookies.<br \/>\nA d\u00e9faut d\u2019acceptation, l\u2019Utilisateur est inform\u00e9 que certaines fonctionnalit\u00e9s ou pages risquent de lui \u00eatre refus\u00e9es.<br \/>\nL\u2019Utilisateur pourra d\u00e9sactiver ces cookies par l\u2019interm\u00e9diaire des param\u00e8tres figurant au sein de son logiciel de navigation.<\/p>\n<h6>ARTICLE 8 : Droit applicable et juridiction comp\u00e9tente<\/h6>\n<p>La l\u00e9gislation fran\u00e7aise s&rsquo;applique au pr\u00e9sent contrat. En cas d&rsquo;absence de r\u00e9solution amiable d&rsquo;un litige n\u00e9 entre les parties, les tribunaux fran\u00e7ais seront seuls comp\u00e9tents pour en conna\u00eetre.<br \/>\nPour toute question relative \u00e0 l\u2019application des pr\u00e9sentes CGU, vous pouvez joindre l\u2019\u00e9diteur aux coordonn\u00e9es inscrites \u00e0 l\u2019ARTICLE 1.<\/p>\n<\/div><div class=\"btClear btSeparator topSpaced noBorder\" ><hr><\/div><\/div><\/div><\/div><\/div><\/div><\/div><\/section><section id=\"contact\" data-parallax=\"0.1\" data-parallax-offset=\"0\" class=\"boldSection topSemiSpaced bottomSmallSpaced btDarkSkin gutter inherit btParallax\" style=\"background-color:#1d569f;\"><div class=\"port\"><div class=\"boldCell\"><div class=\"boldCellInner\"><div class=\"boldRow \" ><div class=\"rowItem col-md-3 col-sm-6 col-ms-12 btTextRight animate animate-fadein btMiddleVertical btDoublePadding\" style=\"z-index: 10;\" ><div class=\"rowItemContent\"><header class=\"header btClear medium  btAccentDash btRegularTitle\" ><p class=\"btSuperTitle\">POUR TOUTE DEMANDE<\/p><div class=\"dash\"><h3><span class=\"headline\">CONTACTEZ-NOUS<\/span><\/h3><\/div><\/header><\/div><\/div><div class=\"rowItem col-md-3 col-sm-6 col-ms-12 btTextLeft animate animate-fadein inherit\"  ><div class=\"rowItemContent\"><div class=\"btClear btSeparator topExtraSmallSpaced noBorder\" ><hr><\/div><div class=\"servicesItem  mediumIcon colorless borderlessIconType \"><div class=\"sIcon\"><div class=\"btIco medium colorless borderless\"><a href=\"#\"  data-ico-cs=\"&#xe60f;\" class=\"btIcoHolder\"><\/a><\/div><\/div><div class=\"sTxt\"><header class=\"header btClear extrasmall\" ><div class=\"dash\"><h4><span class=\"headline\">PAR TELEPHONE<\/span><\/h4><\/div><\/header><p>+33 766 443 820\n<br><\/p><\/div><\/div><div class=\"btClear btSeparator topExtraSmallSpaced noBorder\" ><hr><\/div><\/div><\/div><div class=\"rowItem btLeftBorder col-md-3 col-sm-6 col-ms-12 btTextLeft animate animate-fadein inherit\"  ><div class=\"rowItemContent\"><div class=\"btClear btSeparator topExtraSmallSpaced noBorder\" ><hr><\/div><div class=\"servicesItem  mediumIcon colorless borderlessIconType \"><div class=\"sIcon\"><div class=\"btIco medium colorless borderless\"><a href=\"#\"  data-ico-cs=\"&#xe610;\" class=\"btIcoHolder\"><\/a><\/div><\/div><div class=\"sTxt\"><header class=\"header btClear extrasmall\" ><div class=\"dash\"><h4><span class=\"headline\">HORAIRES D\u2019OUVERTURE<\/span><\/h4><\/div><\/header><p>Du lundi au vendredi<br>9h00 &#8211; 13h00<br>14h00 -17h00<br><\/p><\/div><\/div><div class=\"btClear btSeparator topExtraSmallSpaced noBorder\" ><hr><\/div><\/div><\/div><div class=\"rowItem btLeftBorder col-md-3 col-sm-6 col-ms-12 btTextLeft animate animate-fadein inherit\"  ><div class=\"rowItemContent\"><div class=\"btClear btSeparator topExtraSmallSpaced noBorder\" ><hr><\/div><div class=\"servicesItem  mediumIcon colorless borderlessIconType \"><div class=\"sIcon\"><div class=\"btIco medium colorless borderless\"><span  data-ico-cs=\"&#xe663;\" class=\"btIcoHolder\"><\/span><\/div><\/div><div class=\"sTxt\"><header class=\"header btClear extrasmall\" ><div class=\"dash\"><h4><span class=\"headline\">NOTRE LOCALISATION<\/span><\/h4><\/div><\/header><p>2 rue Eugene Pottier<br>95670 Marly la ville<br><\/p><\/div><\/div><div class=\"btClear btSeparator topExtraSmallSpaced noBorder\" ><hr><\/div><\/div><\/div><\/div><\/div><\/div><\/div><\/section><\/div>","protected":false},"excerpt":{"rendered":"","protected":false},"author":1,"featured_media":0,"parent":0,"menu_order":0,"comment_status":"closed","ping_status":"open","template":"","meta":{"footnotes":""},"class_list":["post-125","page","type-page","status-publish","hentry"],"yoast_head":"<!-- This site is optimized with the Yoast SEO plugin v23.4 - https:\/\/yoast.com\/wordpress\/plugins\/seo\/ -->\n<title>CGU - prestastockage<\/title>\n<meta name=\"robots\" content=\"noindex, follow\" \/>\n<meta property=\"og:locale\" content=\"fr_FR\" \/>\n<meta property=\"og:type\" content=\"article\" \/>\n<meta property=\"og:title\" content=\"CGU - prestastockage\" \/>\n<meta property=\"og:url\" content=\"https:\/\/www.prestastockage.fr\/index.php\/cgu\/\" \/>\n<meta property=\"og:site_name\" content=\"prestastockage\" \/>\n<meta name=\"twitter:card\" content=\"summary_large_image\" \/>\n<meta name=\"twitter:label1\" content=\"Dur\u00e9e de lecture estim\u00e9e\" \/>\n\t<meta name=\"twitter:data1\" content=\"6 minutes\" \/>\n<script type=\"application\/ld+json\" class=\"yoast-schema-graph\">{\"@context\":\"https:\/\/schema.org\",\"@graph\":[{\"@type\":\"WebPage\",\"@id\":\"https:\/\/www.prestastockage.fr\/index.php\/cgu\/\",\"url\":\"https:\/\/www.prestastockage.fr\/index.php\/cgu\/\",\"name\":\"CGU - prestastockage\",\"isPartOf\":{\"@id\":\"https:\/\/www.prestastockage.fr\/#website\"},\"datePublished\":\"2022-11-09T11:29:12+00:00\",\"dateModified\":\"2022-11-09T11:29:12+00:00\",\"breadcrumb\":{\"@id\":\"https:\/\/www.prestastockage.fr\/index.php\/cgu\/#breadcrumb\"},\"inLanguage\":\"fr-FR\",\"potentialAction\":[{\"@type\":\"ReadAction\",\"target\":[\"https:\/\/www.prestastockage.fr\/index.php\/cgu\/\"]}]},{\"@type\":\"BreadcrumbList\",\"@id\":\"https:\/\/www.prestastockage.fr\/index.php\/cgu\/#breadcrumb\",\"itemListElement\":[{\"@type\":\"ListItem\",\"position\":1,\"name\":\"Accueil\",\"item\":\"https:\/\/www.prestastockage.fr\/\"},{\"@type\":\"ListItem\",\"position\":2,\"name\":\"CGU\"}]},{\"@type\":\"WebSite\",\"@id\":\"https:\/\/www.prestastockage.fr\/#website\",\"url\":\"https:\/\/www.prestastockage.fr\/\",\"name\":\"prestastockage\",\"description\":\"Stockage de palettes sur Paris et sa r\u00e9gion.\",\"publisher\":{\"@id\":\"https:\/\/www.prestastockage.fr\/#organization\"},\"potentialAction\":[{\"@type\":\"SearchAction\",\"target\":{\"@type\":\"EntryPoint\",\"urlTemplate\":\"https:\/\/www.prestastockage.fr\/?s={search_term_string}\"},\"query-input\":{\"@type\":\"PropertyValueSpecification\",\"valueRequired\":true,\"valueName\":\"search_term_string\"}}],\"inLanguage\":\"fr-FR\"},{\"@type\":\"Organization\",\"@id\":\"https:\/\/www.prestastockage.fr\/#organization\",\"name\":\"prestastockage\",\"url\":\"https:\/\/www.prestastockage.fr\/\",\"logo\":{\"@type\":\"ImageObject\",\"inLanguage\":\"fr-FR\",\"@id\":\"https:\/\/www.prestastockage.fr\/#\/schema\/logo\/image\/\",\"url\":\"https:\/\/www.prestastockage.fr\/wp-content\/uploads\/2022\/11\/Logo_Presta_Bleu.png\",\"contentUrl\":\"https:\/\/www.prestastockage.fr\/wp-content\/uploads\/2022\/11\/Logo_Presta_Bleu.png\",\"width\":1769,\"height\":581,\"caption\":\"prestastockage\"},\"image\":{\"@id\":\"https:\/\/www.prestastockage.fr\/#\/schema\/logo\/image\/\"}}]}<\/script>\n<!-- \/ Yoast SEO plugin. -->","yoast_head_json":{"title":"CGU - prestastockage","robots":{"index":"noindex","follow":"follow"},"og_locale":"fr_FR","og_type":"article","og_title":"CGU - prestastockage","og_url":"https:\/\/www.prestastockage.fr\/index.php\/cgu\/","og_site_name":"prestastockage","twitter_card":"summary_large_image","twitter_misc":{"Dur\u00e9e de lecture estim\u00e9e":"6 minutes"},"schema":{"@context":"https:\/\/schema.org","@graph":[{"@type":"WebPage","@id":"https:\/\/www.prestastockage.fr\/index.php\/cgu\/","url":"https:\/\/www.prestastockage.fr\/index.php\/cgu\/","name":"CGU - prestastockage","isPartOf":{"@id":"https:\/\/www.prestastockage.fr\/#website"},"datePublished":"2022-11-09T11:29:12+00:00","dateModified":"2022-11-09T11:29:12+00:00","breadcrumb":{"@id":"https:\/\/www.prestastockage.fr\/index.php\/cgu\/#breadcrumb"},"inLanguage":"fr-FR","potentialAction":[{"@type":"ReadAction","target":["https:\/\/www.prestastockage.fr\/index.php\/cgu\/"]}]},{"@type":"BreadcrumbList","@id":"https:\/\/www.prestastockage.fr\/index.php\/cgu\/#breadcrumb","itemListElement":[{"@type":"ListItem","position":1,"name":"Accueil","item":"https:\/\/www.prestastockage.fr\/"},{"@type":"ListItem","position":2,"name":"CGU"}]},{"@type":"WebSite","@id":"https:\/\/www.prestastockage.fr\/#website","url":"https:\/\/www.prestastockage.fr\/","name":"prestastockage","description":"Stockage de palettes sur Paris et sa r\u00e9gion.","publisher":{"@id":"https:\/\/www.prestastockage.fr\/#organization"},"potentialAction":[{"@type":"SearchAction","target":{"@type":"EntryPoint","urlTemplate":"https:\/\/www.prestastockage.fr\/?s={search_term_string}"},"query-input":{"@type":"PropertyValueSpecification","valueRequired":true,"valueName":"search_term_string"}}],"inLanguage":"fr-FR"},{"@type":"Organization","@id":"https:\/\/www.prestastockage.fr\/#organization","name":"prestastockage","url":"https:\/\/www.prestastockage.fr\/","logo":{"@type":"ImageObject","inLanguage":"fr-FR","@id":"https:\/\/www.prestastockage.fr\/#\/schema\/logo\/image\/","url":"https:\/\/www.prestastockage.fr\/wp-content\/uploads\/2022\/11\/Logo_Presta_Bleu.png","contentUrl":"https:\/\/www.prestastockage.fr\/wp-content\/uploads\/2022\/11\/Logo_Presta_Bleu.png","width":1769,"height":581,"caption":"prestastockage"},"image":{"@id":"https:\/\/www.prestastockage.fr\/#\/schema\/logo\/image\/"}}]}},"_links":{"self":[{"href":"https:\/\/www.prestastockage.fr\/index.php\/wp-json\/wp\/v2\/pages\/125","targetHints":{"allow":["GET"]}}],"collection":[{"href":"https:\/\/www.prestastockage.fr\/index.php\/wp-json\/wp\/v2\/pages"}],"about":[{"href":"https:\/\/www.prestastockage.fr\/index.php\/wp-json\/wp\/v2\/types\/page"}],"author":[{"embeddable":true,"href":"https:\/\/www.prestastockage.fr\/index.php\/wp-json\/wp\/v2\/users\/1"}],"replies":[{"embeddable":true,"href":"https:\/\/www.prestastockage.fr\/index.php\/wp-json\/wp\/v2\/comments?post=125"}],"version-history":[{"count":0,"href":"https:\/\/www.prestastockage.fr\/index.php\/wp-json\/wp\/v2\/pages\/125\/revisions"}],"wp:attachment":[{"href":"https:\/\/www.prestastockage.fr\/index.php\/wp-json\/wp\/v2\/media?parent=125"}],"curies":[{"name":"wp","href":"https:\/\/api.w.org\/{rel}","templated":true}]}}